{"id":25,"date":"2016-10-27T17:05:44","date_gmt":"2016-10-27T20:05:44","guid":{"rendered":"http:\/\/192.185.176.172\/~entre840\/?page_id=25"},"modified":"2016-11-26T17:08:47","modified_gmt":"2016-11-26T20:08:47","slug":"orcamento","status":"publish","type":"page","link":"https:\/\/www.entreeventos.com.br\/index.php\/orcamento\/","title":{"rendered":"Or\u00e7amento"},"content":{"rendered":"<div id=\"dslc-theme-content\"><div id=\"dslc-theme-content-inner\"><\/div><\/div>","protected":false},"excerpt":{"rendered":"","protected":false},"author":1,"featured_media":0,"parent":0,"menu_order":0,"comment_status":"closed","ping_status":"closed","template":"page-templates\/page_builder.php","meta":[],"yoast_head":"<!-- This site is optimized with the Yoast SEO plugin v19.8 - https:\/\/yoast.com\/wordpress\/plugins\/seo\/ -->\n<title>Or\u00e7amento - Ch\u00e1cara Entre Eventos<\/title>\n<meta name=\"robots\" content=\"index, follow, max-snippet:-1, max-image-preview:large, max-video-preview:-1\" \/>\n<link rel=\"canonical\" href=\"https:\/\/www.entreeventos.com.br\/index.php\/orcamento\/\" \/>\n<meta property=\"og:locale\" content=\"pt_BR\" \/>\n<meta property=\"og:type\" content=\"article\" \/>\n<meta property=\"og:title\" content=\"Or\u00e7amento - Ch\u00e1cara Entre Eventos\" \/>\n<meta property=\"og:url\" content=\"https:\/\/www.entreeventos.com.br\/index.php\/orcamento\/\" \/>\n<meta property=\"og:site_name\" content=\"Ch\u00e1cara Entre Eventos\" \/>\n<meta property=\"article:publisher\" content=\"https:\/\/www.facebook.com\/EntreEventos\/\" \/>\n<meta property=\"article:modified_time\" content=\"2016-11-26T20:08:47+00:00\" \/>\n<meta name=\"twitter:card\" content=\"summary_large_image\" \/>\n<script type=\"application\/ld+json\" class=\"yoast-schema-graph\">{\"@context\":\"https:\/\/schema.org\",\"@graph\":[{\"@type\":\"WebPage\",\"@id\":\"https:\/\/www.entreeventos.com.br\/index.php\/orcamento\/\",\"url\":\"https:\/\/www.entreeventos.com.br\/index.php\/orcamento\/\",\"name\":\"Or\u00e7amento - Ch\u00e1cara Entre Eventos\",\"isPartOf\":{\"@id\":\"https:\/\/www.entreeventos.com.br\/#website\"},\"datePublished\":\"2016-10-27T20:05:44+00:00\",\"dateModified\":\"2016-11-26T20:08:47+00:00\",\"breadcrumb\":{\"@id\":\"https:\/\/www.entreeventos.com.br\/index.php\/orcamento\/#breadcrumb\"},\"inLanguage\":\"pt-BR\",\"potentialAction\":[{\"@type\":\"ReadAction\",\"target\":[\"https:\/\/www.entreeventos.com.br\/index.php\/orcamento\/\"]}]},{\"@type\":\"BreadcrumbList\",\"@id\":\"https:\/\/www.entreeventos.com.br\/index.php\/orcamento\/#breadcrumb\",\"itemListElement\":[{\"@type\":\"ListItem\",\"position\":1,\"name\":\"In\u00edcio\",\"item\":\"https:\/\/www.entreeventos.com.br\/\"},{\"@type\":\"ListItem\",\"position\":2,\"name\":\"Or\u00e7amento\"}]},{\"@type\":\"WebSite\",\"@id\":\"https:\/\/www.entreeventos.com.br\/#website\",\"url\":\"https:\/\/www.entreeventos.com.br\/\",\"name\":\"Ch\u00e1cara Entre Eventos\",\"description\":\"Ch\u00e1cara, Buffet, Decora\u00e7\u00e3o, DJ, Som, Luzes, Cerimonialista e Celebrante para festas de Casamento, 15 anos, Formatura, Anivers\u00e1rio, Eventos Empresariais, etc.\",\"publisher\":{\"@id\":\"https:\/\/www.entreeventos.com.br\/#organization\"},\"potentialAction\":[{\"@type\":\"SearchAction\",\"target\":{\"@type\":\"EntryPoint\",\"urlTemplate\":\"https:\/\/www.entreeventos.com.br\/?s={search_term_string}\"},\"query-input\":\"required name=search_term_string\"}],\"inLanguage\":\"pt-BR\"},{\"@type\":\"Organization\",\"@id\":\"https:\/\/www.entreeventos.com.br\/#organization\",\"name\":\"Entre Eventos\",\"url\":\"https:\/\/www.entreeventos.com.br\/\",\"sameAs\":[\"https:\/\/www.youtube.com\/user\/EntreSomELuzes\",\"https:\/\/www.facebook.com\/EntreEventos\/\"],\"logo\":{\"@type\":\"ImageObject\",\"inLanguage\":\"pt-BR\",\"@id\":\"https:\/\/www.entreeventos.com.br\/#\/schema\/logo\/image\/\",\"url\":\"https:\/\/www.entreeventos.com.br\/wp-content\/uploads\/2022\/10\/cropped-logo-fundo-branco-original.png\",\"contentUrl\":\"https:\/\/www.entreeventos.com.br\/wp-content\/uploads\/2022\/10\/cropped-logo-fundo-branco-original.png\",\"width\":400,\"height\":161,\"caption\":\"Entre Eventos\"},\"image\":{\"@id\":\"https:\/\/www.entreeventos.com.br\/#\/schema\/logo\/image\/\"}}]}<\/script>\n<!-- \/ Yoast SEO plugin. -->","yoast_head_json":{"title":"Or\u00e7amento - Ch\u00e1cara Entre Eventos","robots":{"index":"index","follow":"follow","max-snippet":"max-snippet:-1","max-image-preview":"max-image-preview:large","max-video-preview":"max-video-preview:-1"},"canonical":"https:\/\/www.entreeventos.com.br\/index.php\/orcamento\/","og_locale":"pt_BR","og_type":"article","og_title":"Or\u00e7amento - Ch\u00e1cara Entre Eventos","og_url":"https:\/\/www.entreeventos.com.br\/index.php\/orcamento\/","og_site_name":"Ch\u00e1cara Entre Eventos","article_publisher":"https:\/\/www.facebook.com\/EntreEventos\/","article_modified_time":"2016-11-26T20:08:47+00:00","twitter_card":"summary_large_image","schema":{"@context":"https:\/\/schema.org","@graph":[{"@type":"WebPage","@id":"https:\/\/www.entreeventos.com.br\/index.php\/orcamento\/","url":"https:\/\/www.entreeventos.com.br\/index.php\/orcamento\/","name":"Or\u00e7amento - Ch\u00e1cara Entre Eventos","isPartOf":{"@id":"https:\/\/www.entreeventos.com.br\/#website"},"datePublished":"2016-10-27T20:05:44+00:00","dateModified":"2016-11-26T20:08:47+00:00","breadcrumb":{"@id":"https:\/\/www.entreeventos.com.br\/index.php\/orcamento\/#breadcrumb"},"inLanguage":"pt-BR","potentialAction":[{"@type":"ReadAction","target":["https:\/\/www.entreeventos.com.br\/index.php\/orcamento\/"]}]},{"@type":"BreadcrumbList","@id":"https:\/\/www.entreeventos.com.br\/index.php\/orcamento\/#breadcrumb","itemListElement":[{"@type":"ListItem","position":1,"name":"In\u00edcio","item":"https:\/\/www.entreeventos.com.br\/"},{"@type":"ListItem","position":2,"name":"Or\u00e7amento"}]},{"@type":"WebSite","@id":"https:\/\/www.entreeventos.com.br\/#website","url":"https:\/\/www.entreeventos.com.br\/","name":"Ch\u00e1cara Entre Eventos","description":"Ch\u00e1cara, Buffet, Decora\u00e7\u00e3o, DJ, Som, Luzes, Cerimonialista e Celebrante para festas de Casamento, 15 anos, Formatura, Anivers\u00e1rio, Eventos Empresariais, etc.","publisher":{"@id":"https:\/\/www.entreeventos.com.br\/#organization"},"potentialAction":[{"@type":"SearchAction","target":{"@type":"EntryPoint","urlTemplate":"https:\/\/www.entreeventos.com.br\/?s={search_term_string}"},"query-input":"required name=search_term_string"}],"inLanguage":"pt-BR"},{"@type":"Organization","@id":"https:\/\/www.entreeventos.com.br\/#organization","name":"Entre Eventos","url":"https:\/\/www.entreeventos.com.br\/","sameAs":["https:\/\/www.youtube.com\/user\/EntreSomELuzes","https:\/\/www.facebook.com\/EntreEventos\/"],"logo":{"@type":"ImageObject","inLanguage":"pt-BR","@id":"https:\/\/www.entreeventos.com.br\/#\/schema\/logo\/image\/","url":"https:\/\/www.entreeventos.com.br\/wp-content\/uploads\/2022\/10\/cropped-logo-fundo-branco-original.png","contentUrl":"https:\/\/www.entreeventos.com.br\/wp-content\/uploads\/2022\/10\/cropped-logo-fundo-branco-original.png","width":400,"height":161,"caption":"Entre Eventos"},"image":{"@id":"https:\/\/www.entreeventos.com.br\/#\/schema\/logo\/image\/"}}]}},"_links":{"self":[{"href":"https:\/\/www.entreeventos.com.br\/index.php\/wp-json\/wp\/v2\/pages\/25"}],"collection":[{"href":"https:\/\/www.entreeventos.com.br\/index.php\/wp-json\/wp\/v2\/pages"}],"about":[{"href":"https:\/\/www.entreeventos.com.br\/index.php\/wp-json\/wp\/v2\/types\/page"}],"author":[{"embeddable":true,"href":"https:\/\/www.entreeventos.com.br\/index.php\/wp-json\/wp\/v2\/users\/1"}],"replies":[{"embeddable":true,"href":"https:\/\/www.entreeventos.com.br\/index.php\/wp-json\/wp\/v2\/comments?post=25"}],"version-history":[{"count":2,"href":"https:\/\/www.entreeventos.com.br\/index.php\/wp-json\/wp\/v2\/pages\/25\/revisions"}],"predecessor-version":[{"id":138,"href":"https:\/\/www.entreeventos.com.br\/index.php\/wp-json\/wp\/v2\/pages\/25\/revisions\/138"}],"wp:attachment":[{"href":"https:\/\/www.entreeventos.com.br\/index.php\/wp-json\/wp\/v2\/media?parent=25"}],"curies":[{"name":"wp","href":"https:\/\/api.w.org\/{rel}","templated":true}]}}