{"id":27,"date":"2016-10-27T17:05:58","date_gmt":"2016-10-27T20:05:58","guid":{"rendered":"http:\/\/192.185.176.172\/~entre840\/?page_id=27"},"modified":"2016-11-26T17:08:28","modified_gmt":"2016-11-26T20:08:28","slug":"depoimentos","status":"publish","type":"page","link":"https:\/\/www.entreeventos.com.br\/index.php\/depoimentos\/","title":{"rendered":"Depoimentos"},"content":{"rendered":"<div id=\"dslc-content\" class=\"dslc-content dslc-clearfix\"><div id=\"dslc-main\">\r\n\t\t<div  class=\"dslc-modules-section \" style=\"padding-bottom:40px;padding-top:40px;background-color:rgb(255, 255, 255);\" data-section-id=\"8a1bb9eed36\">\r\n\t\t\t\t\r\n\t\t\t\t\r\n\t\t\t\t<div class=\"dslc-modules-section-wrapper dslc-clearfix\"><div class=\"dslc-modules-area dslc-col dslc-12-col dslc-last-col dslc-valign- \" data-size=\"12\" data-valign=\"\">\r\n\t\t<div id=\"dslc-module-cf6407f18ed\" class=\"dslc-module-front dslc-module-Tora_Section_Title dslc-in-viewport-check dslc-in-viewport-anim-none  dslc-col dslc-12-col dslc-last-col  dslc-module-handle-like-regular \" data-module-id=\"cf6407f18ed\" data-module=\"Tora_Section_Title\" data-dslc-module-size=\"12\" data-dslc-anim=\"none\" data-dslc-anim-delay=\"0\" data-dslc-anim-duration=\"650\"  data-dslc-anim-easing=\"default\" data-dslc-preset=\"none\" >\r\n\r\n\t\t\t\r\n\t\t\t\r\n\t\t                <div class=\"tora-title-module\">\r\n                    <h3 class=\"tora-section-title\">Depoimentos deixados por clientes:<\/h3>\r\n                    <span class=\"top-left-deco\"><\/span><span class=\"top-right-deco\"><\/span>\r\n                    <span class=\"bottom-deco\"><\/span>\r\n                <\/div>\r\n                \r\n\t\t\t\t<\/div><!-- .dslc-module -->\r\n\t\t\r\n\t\t<div id=\"dslc-module-v1f0g2mj1u8\" class=\"dslc-module-front dslc-module-Tora_Section_Title dslc-in-viewport-check dslc-in-viewport-anim-none  dslc-col dslc-12-col dslc-last-col  dslc-module-handle-like-regular \" data-module-id=\"v1f0g2mj1u8\" data-module=\"Tora_Section_Title\" data-dslc-module-size=\"12\" data-dslc-anim=\"none\" data-dslc-anim-delay=\"0\" data-dslc-anim-duration=\"650\"  data-dslc-anim-easing=\"default\" data-dslc-preset=\"none\" >\r\n\r\n\t\t\t\r\n\t\t\t\r\n\t\t                <div class=\"tora-title-module\">\r\n                    <h3 class=\"tora-section-title\">https:\/\/www.instagram.com\/stories\/highlights\/17907906817507589\/<\/h3>\r\n                    <span class=\"top-left-deco\"><\/span><span class=\"top-right-deco\"><\/span>\r\n                    <span class=\"bottom-deco\"><\/span>\r\n                <\/div>\r\n                \r\n\t\t\t\t<\/div><!-- .dslc-module -->\r\n\t\t\r\n\t\t<div id=\"dslc-module-ait7cj9lh9\" class=\"dslc-module-front dslc-module-Tora_Section_Title dslc-in-viewport-check dslc-in-viewport-anim-none  dslc-col dslc-12-col dslc-last-col  dslc-module-handle-like-regular \" data-module-id=\"ait7cj9lh9\" data-module=\"Tora_Section_Title\" data-dslc-module-size=\"12\" data-dslc-anim=\"none\" data-dslc-anim-delay=\"0\" data-dslc-anim-duration=\"650\"  data-dslc-anim-easing=\"default\" data-dslc-preset=\"none\" >\r\n\r\n\t\t\t\r\n\t\t\t\r\n\t\t                <div class=\"tora-title-module\">\r\n                    <h3 class=\"tora-section-title\">https:\/\/www.facebook.com\/EntreEventos<\/h3>\r\n                    <span class=\"top-left-deco\"><\/span><span class=\"top-right-deco\"><\/span>\r\n                    <span class=\"bottom-deco\"><\/span>\r\n                <\/div>\r\n                \r\n\t\t\t\t<\/div><!-- .dslc-module -->\r\n\t\t<\/div><\/div><\/div>\r\n\t\t<div  class=\"dslc-modules-section  dslc-no-columns-spacing \" style=\"margin-bottom:5px;padding-bottom:15px;padding-top:15px;background-color:rgb(34,57,76);\" data-section-id=\"1e338950c83\">\r\n\t\t\t\t\r\n\t\t\t\t\r\n\t\t\t\t<div class=\"dslc-modules-section-wrapper dslc-clearfix\"><div class=\"dslc-modules-area dslc-col dslc-12-col dslc-last-col dslc-valign- \" data-size=\"12\" data-valign=\"\">\r\n\t\t<div id=\"dslc-module-e95907a1914\" class=\"dslc-module-front dslc-module-DSLC_Text_Simple dslc-in-viewport-check dslc-in-viewport-anim-none  dslc-col dslc-12-col dslc-last-col  dslc-module-handle-like-regular \" data-module-id=\"e95907a1914\" data-module=\"DSLC_Text_Simple\" data-dslc-module-size=\"12\" data-dslc-anim=\"none\" data-dslc-anim-delay=\"\" data-dslc-anim-duration=\"650\"  data-dslc-anim-easing=\"ease\" data-dslc-preset=\"none\" >\r\n\r\n\t\t\t\r\n\t\t\t\r\n\t\t\r\n\t\t<div class=\"dslc-text-module-content\">\r\n\t\t\t<p style=\"text-align: center;\">Copyright \u00a9 Entre Eventos. Todos os direitos reservados.<\/p>\t\t<\/div>\r\n\r\n\t\t\r\n\t\t\t\t<\/div><!-- .dslc-module -->\r\n\t\t<\/div><\/div><\/div><\/div><\/div>","protected":false},"excerpt":{"rendered":"<p>Depoimentos deixados por clientes: https:\/\/www.instagram.com\/stories\/highlights\/17907906817507589\/ https:\/\/www.facebook.com\/EntreEventos Copyright \u00a9 Entre Eventos. Todos os direitos reservados.<\/p>\n","protected":false},"author":1,"featured_media":0,"parent":0,"menu_order":0,"comment_status":"closed","ping_status":"closed","template":"page-templates\/page_builder.php","meta":[],"yoast_head":"<!-- This site is optimized with the Yoast SEO plugin v19.8 - https:\/\/yoast.com\/wordpress\/plugins\/seo\/ -->\n<title>Depoimentos - Ch\u00e1cara Entre Eventos<\/title>\n<meta name=\"robots\" content=\"index, follow, max-snippet:-1, max-image-preview:large, max-video-preview:-1\" \/>\n<link rel=\"canonical\" href=\"https:\/\/www.entreeventos.com.br\/index.php\/depoimentos\/\" \/>\n<meta property=\"og:locale\" content=\"pt_BR\" \/>\n<meta property=\"og:type\" content=\"article\" \/>\n<meta property=\"og:title\" content=\"Depoimentos - Ch\u00e1cara Entre Eventos\" \/>\n<meta property=\"og:description\" content=\"Depoimentos deixados por clientes: https:\/\/www.instagram.com\/stories\/highlights\/17907906817507589\/ https:\/\/www.facebook.com\/EntreEventos Copyright \u00a9 Entre Eventos. Todos os direitos reservados.\" \/>\n<meta property=\"og:url\" content=\"https:\/\/www.entreeventos.com.br\/index.php\/depoimentos\/\" \/>\n<meta property=\"og:site_name\" content=\"Ch\u00e1cara Entre Eventos\" \/>\n<meta property=\"article:publisher\" content=\"https:\/\/www.facebook.com\/EntreEventos\/\" \/>\n<meta property=\"article:modified_time\" content=\"2016-11-26T20:08:28+00:00\" \/>\n<meta name=\"twitter:card\" content=\"summary_large_image\" \/>\n<script type=\"application\/ld+json\" class=\"yoast-schema-graph\">{\"@context\":\"https:\/\/schema.org\",\"@graph\":[{\"@type\":\"WebPage\",\"@id\":\"https:\/\/www.entreeventos.com.br\/index.php\/depoimentos\/\",\"url\":\"https:\/\/www.entreeventos.com.br\/index.php\/depoimentos\/\",\"name\":\"Depoimentos - Ch\u00e1cara Entre Eventos\",\"isPartOf\":{\"@id\":\"https:\/\/www.entreeventos.com.br\/#website\"},\"datePublished\":\"2016-10-27T20:05:58+00:00\",\"dateModified\":\"2016-11-26T20:08:28+00:00\",\"breadcrumb\":{\"@id\":\"https:\/\/www.entreeventos.com.br\/index.php\/depoimentos\/#breadcrumb\"},\"inLanguage\":\"pt-BR\",\"potentialAction\":[{\"@type\":\"ReadAction\",\"target\":[\"https:\/\/www.entreeventos.com.br\/index.php\/depoimentos\/\"]}]},{\"@type\":\"BreadcrumbList\",\"@id\":\"https:\/\/www.entreeventos.com.br\/index.php\/depoimentos\/#breadcrumb\",\"itemListElement\":[{\"@type\":\"ListItem\",\"position\":1,\"name\":\"In\u00edcio\",\"item\":\"https:\/\/www.entreeventos.com.br\/\"},{\"@type\":\"ListItem\",\"position\":2,\"name\":\"Depoimentos\"}]},{\"@type\":\"WebSite\",\"@id\":\"https:\/\/www.entreeventos.com.br\/#website\",\"url\":\"https:\/\/www.entreeventos.com.br\/\",\"name\":\"Ch\u00e1cara Entre Eventos\",\"description\":\"Ch\u00e1cara, Buffet, Decora\u00e7\u00e3o, DJ, Som, Luzes, Cerimonialista e Celebrante para festas de Casamento, 15 anos, Formatura, Anivers\u00e1rio, Eventos Empresariais, etc.\",\"publisher\":{\"@id\":\"https:\/\/www.entreeventos.com.br\/#organization\"},\"potentialAction\":[{\"@type\":\"SearchAction\",\"target\":{\"@type\":\"EntryPoint\",\"urlTemplate\":\"https:\/\/www.entreeventos.com.br\/?s={search_term_string}\"},\"query-input\":\"required name=search_term_string\"}],\"inLanguage\":\"pt-BR\"},{\"@type\":\"Organization\",\"@id\":\"https:\/\/www.entreeventos.com.br\/#organization\",\"name\":\"Entre Eventos\",\"url\":\"https:\/\/www.entreeventos.com.br\/\",\"sameAs\":[\"https:\/\/www.youtube.com\/user\/EntreSomELuzes\",\"https:\/\/www.facebook.com\/EntreEventos\/\"],\"logo\":{\"@type\":\"ImageObject\",\"inLanguage\":\"pt-BR\",\"@id\":\"https:\/\/www.entreeventos.com.br\/#\/schema\/logo\/image\/\",\"url\":\"https:\/\/www.entreeventos.com.br\/wp-content\/uploads\/2022\/10\/cropped-logo-fundo-branco-original.png\",\"contentUrl\":\"https:\/\/www.entreeventos.com.br\/wp-content\/uploads\/2022\/10\/cropped-logo-fundo-branco-original.png\",\"width\":400,\"height\":161,\"caption\":\"Entre Eventos\"},\"image\":{\"@id\":\"https:\/\/www.entreeventos.com.br\/#\/schema\/logo\/image\/\"}}]}<\/script>\n<!-- \/ Yoast SEO plugin. -->","yoast_head_json":{"title":"Depoimentos - Ch\u00e1cara Entre Eventos","robots":{"index":"index","follow":"follow","max-snippet":"max-snippet:-1","max-image-preview":"max-image-preview:large","max-video-preview":"max-video-preview:-1"},"canonical":"https:\/\/www.entreeventos.com.br\/index.php\/depoimentos\/","og_locale":"pt_BR","og_type":"article","og_title":"Depoimentos - Ch\u00e1cara Entre Eventos","og_description":"Depoimentos deixados por clientes: https:\/\/www.instagram.com\/stories\/highlights\/17907906817507589\/ https:\/\/www.facebook.com\/EntreEventos Copyright \u00a9 Entre Eventos. Todos os direitos reservados.","og_url":"https:\/\/www.entreeventos.com.br\/index.php\/depoimentos\/","og_site_name":"Ch\u00e1cara Entre Eventos","article_publisher":"https:\/\/www.facebook.com\/EntreEventos\/","article_modified_time":"2016-11-26T20:08:28+00:00","twitter_card":"summary_large_image","schema":{"@context":"https:\/\/schema.org","@graph":[{"@type":"WebPage","@id":"https:\/\/www.entreeventos.com.br\/index.php\/depoimentos\/","url":"https:\/\/www.entreeventos.com.br\/index.php\/depoimentos\/","name":"Depoimentos - Ch\u00e1cara Entre Eventos","isPartOf":{"@id":"https:\/\/www.entreeventos.com.br\/#website"},"datePublished":"2016-10-27T20:05:58+00:00","dateModified":"2016-11-26T20:08:28+00:00","breadcrumb":{"@id":"https:\/\/www.entreeventos.com.br\/index.php\/depoimentos\/#breadcrumb"},"inLanguage":"pt-BR","potentialAction":[{"@type":"ReadAction","target":["https:\/\/www.entreeventos.com.br\/index.php\/depoimentos\/"]}]},{"@type":"BreadcrumbList","@id":"https:\/\/www.entreeventos.com.br\/index.php\/depoimentos\/#breadcrumb","itemListElement":[{"@type":"ListItem","position":1,"name":"In\u00edcio","item":"https:\/\/www.entreeventos.com.br\/"},{"@type":"ListItem","position":2,"name":"Depoimentos"}]},{"@type":"WebSite","@id":"https:\/\/www.entreeventos.com.br\/#website","url":"https:\/\/www.entreeventos.com.br\/","name":"Ch\u00e1cara Entre Eventos","description":"Ch\u00e1cara, Buffet, Decora\u00e7\u00e3o, DJ, Som, Luzes, Cerimonialista e Celebrante para festas de Casamento, 15 anos, Formatura, Anivers\u00e1rio, Eventos Empresariais, etc.","publisher":{"@id":"https:\/\/www.entreeventos.com.br\/#organization"},"potentialAction":[{"@type":"SearchAction","target":{"@type":"EntryPoint","urlTemplate":"https:\/\/www.entreeventos.com.br\/?s={search_term_string}"},"query-input":"required name=search_term_string"}],"inLanguage":"pt-BR"},{"@type":"Organization","@id":"https:\/\/www.entreeventos.com.br\/#organization","name":"Entre Eventos","url":"https:\/\/www.entreeventos.com.br\/","sameAs":["https:\/\/www.youtube.com\/user\/EntreSomELuzes","https:\/\/www.facebook.com\/EntreEventos\/"],"logo":{"@type":"ImageObject","inLanguage":"pt-BR","@id":"https:\/\/www.entreeventos.com.br\/#\/schema\/logo\/image\/","url":"https:\/\/www.entreeventos.com.br\/wp-content\/uploads\/2022\/10\/cropped-logo-fundo-branco-original.png","contentUrl":"https:\/\/www.entreeventos.com.br\/wp-content\/uploads\/2022\/10\/cropped-logo-fundo-branco-original.png","width":400,"height":161,"caption":"Entre Eventos"},"image":{"@id":"https:\/\/www.entreeventos.com.br\/#\/schema\/logo\/image\/"}}]}},"_links":{"self":[{"href":"https:\/\/www.entreeventos.com.br\/index.php\/wp-json\/wp\/v2\/pages\/27"}],"collection":[{"href":"https:\/\/www.entreeventos.com.br\/index.php\/wp-json\/wp\/v2\/pages"}],"about":[{"href":"https:\/\/www.entreeventos.com.br\/index.php\/wp-json\/wp\/v2\/types\/page"}],"author":[{"embeddable":true,"href":"https:\/\/www.entreeventos.com.br\/index.php\/wp-json\/wp\/v2\/users\/1"}],"replies":[{"embeddable":true,"href":"https:\/\/www.entreeventos.com.br\/index.php\/wp-json\/wp\/v2\/comments?post=27"}],"version-history":[{"count":2,"href":"https:\/\/www.entreeventos.com.br\/index.php\/wp-json\/wp\/v2\/pages\/27\/revisions"}],"predecessor-version":[{"id":137,"href":"https:\/\/www.entreeventos.com.br\/index.php\/wp-json\/wp\/v2\/pages\/27\/revisions\/137"}],"wp:attachment":[{"href":"https:\/\/www.entreeventos.com.br\/index.php\/wp-json\/wp\/v2\/media?parent=27"}],"curies":[{"name":"wp","href":"https:\/\/api.w.org\/{rel}","templated":true}]}}