{"id":29,"date":"2016-10-27T17:06:17","date_gmt":"2016-10-27T20:06:17","guid":{"rendered":"http:\/\/192.185.176.172\/~entre840\/?page_id=29"},"modified":"2019-08-15T13:09:28","modified_gmt":"2019-08-15T16:09:28","slug":"r-s-v-p","status":"publish","type":"page","link":"https:\/\/www.entreeventos.com.br\/index.php\/r-s-v-p\/","title":{"rendered":"R.S.V.P."},"content":{"rendered":"<div id=\"dslc-content\" class=\"dslc-content dslc-clearfix\"><div id=\"dslc-main\">\r\n\t\t<div  class=\"dslc-modules-section \" style=\"padding-bottom:49px;padding-top:49px;background-color:rgb(34,57,76);background-image:url();background-repeat:no-repeat;background-position:center top;background-size:cover;\" data-section-id=\"\">\r\n\t\t\t\t<div class=\"dslc-bg-video dslc-force-show\"><div class=\"dslc-bg-video-overlay\" style=\"background-color:rgb(0,0,0); opacity:0.3; \"><\/div><\/div>\r\n\t\t\t\t\r\n\t\t\t\t<div class=\"dslc-modules-section-wrapper dslc-clearfix\"><div class=\"dslc-modules-area dslc-col dslc-12-col dslc-last-col\" data-size=\"12\" data-valign=\"\">\r\n\t\t<div id=\"dslc-module-1041\" class=\"dslc-module-front dslc-module-Tora_Section_Title dslc-in-viewport-check dslc-in-viewport-anim-none  dslc-col dslc-12-col dslc-last-col  dslc-module-handle-like-regular \" data-module-id=\"1041\" data-module=\"Tora_Section_Title\" data-dslc-module-size=\"12\" data-dslc-anim=\"none\" data-dslc-anim-delay=\"0\" data-dslc-anim-duration=\"650\"  data-dslc-anim-easing=\"default\" data-dslc-preset=\"none\" >\r\n\r\n\t\t\t\r\n\t\t\t\r\n\t\t                <div class=\"tora-title-module\">\r\n                    <h3 class=\"tora-section-title\">R.S.V.P. (Confirma\u00e7\u00e3o de Presen\u00e7a)<\/h3>\r\n                    <span class=\"top-left-deco\"><\/span><span class=\"top-right-deco\"><\/span>\r\n                    <span class=\"bottom-deco\"><\/span>\r\n                <\/div>\r\n                \r\n\t\t\t\t<\/div><!-- .dslc-module -->\r\n\t\t\r\n\t\t<div id=\"dslc-module-1061\" class=\"dslc-module-front dslc-module-DSLC_Text_Simple dslc-in-viewport-check dslc-in-viewport-anim-none  dslc-col dslc-12-col dslc-last-col  dslc-module-handle-like-regular \" data-module-id=\"1061\" data-module=\"DSLC_Text_Simple\" data-dslc-module-size=\"12\" data-dslc-anim=\"none\" data-dslc-anim-delay=\"0\" data-dslc-anim-duration=\"650\"  data-dslc-anim-easing=\"ease\" data-dslc-preset=\"none\" >\r\n\r\n\t\t\t\r\n\t\t\t\r\n\t\t\r\n\t\t<div class=\"dslc-text-module-content\">\r\n\t\t\t<p><span class=\"texto\"><span color=\"#FFFFFF\" face=\"Arial\" data-mce-style=\"color: #ffffff; font-family: Arial;\" style=\"color: #ffffff; font-family: Arial;\"><span class=\"style161\">R.S.V.P. \u00e9 a abrevia\u00e7\u00e3o do termo em franc\u00eas \"R\u00e9pondez S'il Vous Pla\u00eet\" que significa \u201cResponda Por Favor\u201d, sendo popularmente conhecido como servi\u00e7o de confirma\u00e7\u00e3o de presen\u00e7a.<\/span><\/span><\/span><\/p>\t\t<\/div>\r\n\r\n\t\t\r\n\t\t\t\t<\/div><!-- .dslc-module -->\r\n\t\t\r\n\t\t<div id=\"dslc-module-1060\" class=\"dslc-module-front dslc-module-DSLC_Html dslc-in-viewport-check dslc-in-viewport-anim-none  dslc-col dslc-12-col dslc-last-col  dslc-module-handle-like-regular \" data-module-id=\"1060\" data-module=\"DSLC_Html\" data-dslc-module-size=\"12\" data-dslc-anim=\"none\" data-dslc-anim-delay=\"0\" data-dslc-anim-duration=\"650\"  data-dslc-anim-easing=\"ease\" data-dslc-preset=\"none\" >\r\n\r\n\t\t\t\r\n\t\t\t\r\n\t\t<div class=\"dslc-html-module-content\"><div role=\"form\" class=\"wpcf7\" id=\"wpcf7-f144-o1\" lang=\"pt-BR\" dir=\"ltr\">\n<div class=\"screen-reader-response\"><p role=\"status\" aria-live=\"polite\" aria-atomic=\"true\"><\/p> <ul><\/ul><\/div>\n<form action=\"\/index.php\/wp-json\/wp\/v2\/pages\/29#wpcf7-f144-o1\" method=\"post\" class=\"wpcf7-form init\" novalidate=\"novalidate\" data-status=\"init\">\n<div style=\"display: none;\">\n<input type=\"hidden\" name=\"_wpcf7\" value=\"144\" \/>\n<input type=\"hidden\" name=\"_wpcf7_version\" value=\"5.6.3\" \/>\n<input type=\"hidden\" name=\"_wpcf7_locale\" value=\"pt_BR\" \/>\n<input type=\"hidden\" name=\"_wpcf7_unit_tag\" value=\"wpcf7-f144-o1\" \/>\n<input type=\"hidden\" name=\"_wpcf7_container_post\" value=\"0\" \/>\n<input type=\"hidden\" name=\"_wpcf7_posted_data_hash\" value=\"\" \/>\n<\/div>\n<p><label> Data do Evento:<br \/>\n    <span class=\"wpcf7-form-control-wrap\" data-name=\"data\"><input type=\"text\" name=\"data\" value=\"\" size=\"40\" class=\"wpcf7-form-control wpcf7-text wpcf7-validates-as-required\" aria-required=\"true\" aria-invalid=\"false\" \/><\/span> <\/label><\/p>\n<p><label> Anfitri\u00f5es:<br \/>\n    <span class=\"wpcf7-form-control-wrap\" data-name=\"anfitrioes\"><input type=\"text\" name=\"anfitrioes\" value=\"\" size=\"40\" class=\"wpcf7-form-control wpcf7-text wpcf7-validates-as-required\" aria-required=\"true\" aria-invalid=\"false\" \/><\/span> <\/label><\/p>\n<p><label> Seu convite est\u00e1 em nome de:<br \/>\n    <span class=\"wpcf7-form-control-wrap\" data-name=\"convite\"><input type=\"text\" name=\"convite\" value=\"\" size=\"40\" class=\"wpcf7-form-control wpcf7-text wpcf7-validates-as-required\" aria-required=\"true\" aria-invalid=\"false\" \/><\/span> <\/label><\/p>\n<p><label> Confirma sua presen\u00e7a? (obrigat\u00f3rio) <\/label><br \/>\n    <span class=\"wpcf7-form-control-wrap\" data-name=\"presenca\"><span class=\"wpcf7-form-control wpcf7-radio\"><span class=\"wpcf7-list-item first\"><label><input type=\"radio\" name=\"presenca\" value=\"Sim\" \/><span class=\"wpcf7-list-item-label\">Sim<\/span><\/label><\/span><span class=\"wpcf7-list-item last\"><label><input type=\"radio\" name=\"presenca\" value=\"N\u00e3o\" \/><span class=\"wpcf7-list-item-label\">N\u00e3o<\/span><\/label><\/span><\/span><\/span> <\/p>\n<p><label> Nomes das Pessoas que ir\u00e3o:<br \/>\n    <span class=\"wpcf7-form-control-wrap\" data-name=\"nomes\"><textarea name=\"nomes\" cols=\"40\" rows=\"10\" class=\"wpcf7-form-control wpcf7-textarea wpcf7-validates-as-required\" aria-required=\"true\" aria-invalid=\"false\"><\/textarea><\/span> <\/label><\/p>\n<p><label> Total de pessoas incluindo voc\u00ea:<br \/>\n    <span class=\"wpcf7-form-control-wrap\" data-name=\"total\"><input type=\"text\" name=\"total\" value=\"\" size=\"40\" class=\"wpcf7-form-control wpcf7-text wpcf7-validates-as-required\" aria-required=\"true\" aria-invalid=\"false\" \/><\/span> <\/label><\/p>\n<p><label> Seu Telefone:<br \/>\n    <span class=\"wpcf7-form-control-wrap\" data-name=\"telefone\"><input type=\"text\" name=\"telefone\" value=\"\" size=\"40\" class=\"wpcf7-form-control wpcf7-text\" aria-invalid=\"false\" \/><\/span> <\/label><\/p>\n<p><label> Seu E-mail::<br \/>\n    <span class=\"wpcf7-form-control-wrap\" data-name=\"email\"><input type=\"email\" name=\"email\" value=\"\" size=\"40\" class=\"wpcf7-form-control wpcf7-text wpcf7-email wpcf7-validates-as-email\" aria-invalid=\"false\" \/><\/span> <\/label><\/p>\n<p><input type=\"submit\" value=\"Enviar\" class=\"wpcf7-form-control has-spinner wpcf7-submit\" \/><\/p>\n<p style=\"display: none !important;\"><label>&#916;<textarea name=\"_wpcf7_ak_hp_textarea\" cols=\"45\" rows=\"8\" maxlength=\"100\"><\/textarea><\/label><input type=\"hidden\" id=\"ak_js_1\" name=\"_wpcf7_ak_js\" value=\"56\"\/><script>document.getElementById( \"ak_js_1\" ).setAttribute( \"value\", ( new Date() ).getTime() );<\/script><\/p><div class=\"wpcf7-response-output\" aria-hidden=\"true\"><\/div><\/form><\/div><\/div>\r\n\t\t\t\t<\/div><!-- .dslc-module -->\r\n\t\t<\/div><\/div><\/div>\r\n\t\t<div  class=\"dslc-modules-section  dslc-no-columns-spacing \" style=\"padding-bottom:15px;padding-top:15px;background-color:rgb(34,57,76);\" data-section-id=\"\">\r\n\t\t\t\t\r\n\t\t\t\t\r\n\t\t\t\t<div class=\"dslc-modules-section-wrapper dslc-clearfix\"><div class=\"dslc-modules-area dslc-col dslc-12-col dslc-last-col\" data-size=\"12\" data-valign=\"\">\r\n\t\t<div id=\"dslc-module-1058\" class=\"dslc-module-front dslc-module-DSLC_Text_Simple dslc-in-viewport-check dslc-in-viewport-anim-none  dslc-col dslc-12-col dslc-last-col  dslc-module-handle-like-regular \" data-module-id=\"1058\" data-module=\"DSLC_Text_Simple\" data-dslc-module-size=\"12\" data-dslc-anim=\"none\" data-dslc-anim-delay=\"0\" data-dslc-anim-duration=\"650\"  data-dslc-anim-easing=\"ease\" data-dslc-preset=\"none\" >\r\n\r\n\t\t\t\r\n\t\t\t\r\n\t\t\r\n\t\t<div class=\"dslc-text-module-content\">\r\n\t\t\t<p style=\"text-align: center;\">Copyright \u00a9 Entre Eventos. Todos os direitos reservados.<\/p>\t\t<\/div>\r\n\r\n\t\t\r\n\t\t\t\t<\/div><!-- .dslc-module -->\r\n\t\t<\/div><\/div><\/div><\/div><\/div>","protected":false},"excerpt":{"rendered":"<p>R.S.V.P. (Confirma\u00e7\u00e3o de Presen\u00e7a) R.S.V.P. \u00e9 a abrevia\u00e7\u00e3o do termo em franc\u00eas &#8220;R\u00e9pondez S&#8217;il Vous Pla\u00eet&#8221; que significa \u201cResponda Por Favor\u201d, sendo popularmente conhecido como servi\u00e7o de confirma\u00e7\u00e3o de presen\u00e7a.&nbsp;[&hellip;]<\/p>\n","protected":false},"author":1,"featured_media":0,"parent":0,"menu_order":0,"comment_status":"closed","ping_status":"closed","template":"page-templates\/page_builder.php","meta":[],"yoast_head":"<!-- This site is optimized with the Yoast SEO plugin v19.8 - https:\/\/yoast.com\/wordpress\/plugins\/seo\/ -->\n<title>R.S.V.P. - Ch\u00e1cara Entre Eventos<\/title>\n<meta name=\"robots\" content=\"index, follow, max-snippet:-1, max-image-preview:large, max-video-preview:-1\" \/>\n<link rel=\"canonical\" href=\"https:\/\/www.entreeventos.com.br\/index.php\/r-s-v-p\/\" \/>\n<meta property=\"og:locale\" content=\"pt_BR\" \/>\n<meta property=\"og:type\" content=\"article\" \/>\n<meta property=\"og:title\" content=\"R.S.V.P. - Ch\u00e1cara Entre Eventos\" \/>\n<meta property=\"og:description\" content=\"R.S.V.P. (Confirma\u00e7\u00e3o de Presen\u00e7a) R.S.V.P. \u00e9 a abrevia\u00e7\u00e3o do termo em franc\u00eas &quot;R\u00e9pondez S&#039;il Vous Pla\u00eet&quot; que significa \u201cResponda Por Favor\u201d, sendo popularmente conhecido como servi\u00e7o de confirma\u00e7\u00e3o de presen\u00e7a.&nbsp;[&hellip;]\" \/>\n<meta property=\"og:url\" content=\"https:\/\/www.entreeventos.com.br\/index.php\/r-s-v-p\/\" \/>\n<meta property=\"og:site_name\" content=\"Ch\u00e1cara Entre Eventos\" \/>\n<meta property=\"article:publisher\" content=\"https:\/\/www.facebook.com\/EntreEventos\/\" \/>\n<meta property=\"article:modified_time\" content=\"2019-08-15T16:09:28+00:00\" \/>\n<meta name=\"twitter:card\" content=\"summary_large_image\" \/>\n<script type=\"application\/ld+json\" class=\"yoast-schema-graph\">{\"@context\":\"https:\/\/schema.org\",\"@graph\":[{\"@type\":\"WebPage\",\"@id\":\"https:\/\/www.entreeventos.com.br\/index.php\/r-s-v-p\/\",\"url\":\"https:\/\/www.entreeventos.com.br\/index.php\/r-s-v-p\/\",\"name\":\"R.S.V.P. - Ch\u00e1cara Entre Eventos\",\"isPartOf\":{\"@id\":\"https:\/\/www.entreeventos.com.br\/#website\"},\"datePublished\":\"2016-10-27T20:06:17+00:00\",\"dateModified\":\"2019-08-15T16:09:28+00:00\",\"breadcrumb\":{\"@id\":\"https:\/\/www.entreeventos.com.br\/index.php\/r-s-v-p\/#breadcrumb\"},\"inLanguage\":\"pt-BR\",\"potentialAction\":[{\"@type\":\"ReadAction\",\"target\":[\"https:\/\/www.entreeventos.com.br\/index.php\/r-s-v-p\/\"]}]},{\"@type\":\"BreadcrumbList\",\"@id\":\"https:\/\/www.entreeventos.com.br\/index.php\/r-s-v-p\/#breadcrumb\",\"itemListElement\":[{\"@type\":\"ListItem\",\"position\":1,\"name\":\"In\u00edcio\",\"item\":\"https:\/\/www.entreeventos.com.br\/\"},{\"@type\":\"ListItem\",\"position\":2,\"name\":\"R.S.V.P.\"}]},{\"@type\":\"WebSite\",\"@id\":\"https:\/\/www.entreeventos.com.br\/#website\",\"url\":\"https:\/\/www.entreeventos.com.br\/\",\"name\":\"Ch\u00e1cara Entre Eventos\",\"description\":\"Ch\u00e1cara, Buffet, Decora\u00e7\u00e3o, DJ, Som, Luzes, Cerimonialista e Celebrante para festas de Casamento, 15 anos, Formatura, Anivers\u00e1rio, Eventos Empresariais, etc.\",\"publisher\":{\"@id\":\"https:\/\/www.entreeventos.com.br\/#organization\"},\"potentialAction\":[{\"@type\":\"SearchAction\",\"target\":{\"@type\":\"EntryPoint\",\"urlTemplate\":\"https:\/\/www.entreeventos.com.br\/?s={search_term_string}\"},\"query-input\":\"required name=search_term_string\"}],\"inLanguage\":\"pt-BR\"},{\"@type\":\"Organization\",\"@id\":\"https:\/\/www.entreeventos.com.br\/#organization\",\"name\":\"Entre Eventos\",\"url\":\"https:\/\/www.entreeventos.com.br\/\",\"sameAs\":[\"https:\/\/www.youtube.com\/user\/EntreSomELuzes\",\"https:\/\/www.facebook.com\/EntreEventos\/\"],\"logo\":{\"@type\":\"ImageObject\",\"inLanguage\":\"pt-BR\",\"@id\":\"https:\/\/www.entreeventos.com.br\/#\/schema\/logo\/image\/\",\"url\":\"https:\/\/www.entreeventos.com.br\/wp-content\/uploads\/2022\/10\/cropped-logo-fundo-branco-original.png\",\"contentUrl\":\"https:\/\/www.entreeventos.com.br\/wp-content\/uploads\/2022\/10\/cropped-logo-fundo-branco-original.png\",\"width\":400,\"height\":161,\"caption\":\"Entre Eventos\"},\"image\":{\"@id\":\"https:\/\/www.entreeventos.com.br\/#\/schema\/logo\/image\/\"}}]}<\/script>\n<!-- \/ Yoast SEO plugin. -->","yoast_head_json":{"title":"R.S.V.P. - Ch\u00e1cara Entre Eventos","robots":{"index":"index","follow":"follow","max-snippet":"max-snippet:-1","max-image-preview":"max-image-preview:large","max-video-preview":"max-video-preview:-1"},"canonical":"https:\/\/www.entreeventos.com.br\/index.php\/r-s-v-p\/","og_locale":"pt_BR","og_type":"article","og_title":"R.S.V.P. - Ch\u00e1cara Entre Eventos","og_description":"R.S.V.P. (Confirma\u00e7\u00e3o de Presen\u00e7a) R.S.V.P. \u00e9 a abrevia\u00e7\u00e3o do termo em franc\u00eas \"R\u00e9pondez S'il Vous Pla\u00eet\" que significa \u201cResponda Por Favor\u201d, sendo popularmente conhecido como servi\u00e7o de confirma\u00e7\u00e3o de presen\u00e7a.&nbsp;[&hellip;]","og_url":"https:\/\/www.entreeventos.com.br\/index.php\/r-s-v-p\/","og_site_name":"Ch\u00e1cara Entre Eventos","article_publisher":"https:\/\/www.facebook.com\/EntreEventos\/","article_modified_time":"2019-08-15T16:09:28+00:00","twitter_card":"summary_large_image","schema":{"@context":"https:\/\/schema.org","@graph":[{"@type":"WebPage","@id":"https:\/\/www.entreeventos.com.br\/index.php\/r-s-v-p\/","url":"https:\/\/www.entreeventos.com.br\/index.php\/r-s-v-p\/","name":"R.S.V.P. - Ch\u00e1cara Entre Eventos","isPartOf":{"@id":"https:\/\/www.entreeventos.com.br\/#website"},"datePublished":"2016-10-27T20:06:17+00:00","dateModified":"2019-08-15T16:09:28+00:00","breadcrumb":{"@id":"https:\/\/www.entreeventos.com.br\/index.php\/r-s-v-p\/#breadcrumb"},"inLanguage":"pt-BR","potentialAction":[{"@type":"ReadAction","target":["https:\/\/www.entreeventos.com.br\/index.php\/r-s-v-p\/"]}]},{"@type":"BreadcrumbList","@id":"https:\/\/www.entreeventos.com.br\/index.php\/r-s-v-p\/#breadcrumb","itemListElement":[{"@type":"ListItem","position":1,"name":"In\u00edcio","item":"https:\/\/www.entreeventos.com.br\/"},{"@type":"ListItem","position":2,"name":"R.S.V.P."}]},{"@type":"WebSite","@id":"https:\/\/www.entreeventos.com.br\/#website","url":"https:\/\/www.entreeventos.com.br\/","name":"Ch\u00e1cara Entre Eventos","description":"Ch\u00e1cara, Buffet, Decora\u00e7\u00e3o, DJ, Som, Luzes, Cerimonialista e Celebrante para festas de Casamento, 15 anos, Formatura, Anivers\u00e1rio, Eventos Empresariais, etc.","publisher":{"@id":"https:\/\/www.entreeventos.com.br\/#organization"},"potentialAction":[{"@type":"SearchAction","target":{"@type":"EntryPoint","urlTemplate":"https:\/\/www.entreeventos.com.br\/?s={search_term_string}"},"query-input":"required name=search_term_string"}],"inLanguage":"pt-BR"},{"@type":"Organization","@id":"https:\/\/www.entreeventos.com.br\/#organization","name":"Entre Eventos","url":"https:\/\/www.entreeventos.com.br\/","sameAs":["https:\/\/www.youtube.com\/user\/EntreSomELuzes","https:\/\/www.facebook.com\/EntreEventos\/"],"logo":{"@type":"ImageObject","inLanguage":"pt-BR","@id":"https:\/\/www.entreeventos.com.br\/#\/schema\/logo\/image\/","url":"https:\/\/www.entreeventos.com.br\/wp-content\/uploads\/2022\/10\/cropped-logo-fundo-branco-original.png","contentUrl":"https:\/\/www.entreeventos.com.br\/wp-content\/uploads\/2022\/10\/cropped-logo-fundo-branco-original.png","width":400,"height":161,"caption":"Entre Eventos"},"image":{"@id":"https:\/\/www.entreeventos.com.br\/#\/schema\/logo\/image\/"}}]}},"_links":{"self":[{"href":"https:\/\/www.entreeventos.com.br\/index.php\/wp-json\/wp\/v2\/pages\/29"}],"collection":[{"href":"https:\/\/www.entreeventos.com.br\/index.php\/wp-json\/wp\/v2\/pages"}],"about":[{"href":"https:\/\/www.entreeventos.com.br\/index.php\/wp-json\/wp\/v2\/types\/page"}],"author":[{"embeddable":true,"href":"https:\/\/www.entreeventos.com.br\/index.php\/wp-json\/wp\/v2\/users\/1"}],"replies":[{"embeddable":true,"href":"https:\/\/www.entreeventos.com.br\/index.php\/wp-json\/wp\/v2\/comments?post=29"}],"version-history":[{"count":3,"href":"https:\/\/www.entreeventos.com.br\/index.php\/wp-json\/wp\/v2\/pages\/29\/revisions"}],"predecessor-version":[{"id":998,"href":"https:\/\/www.entreeventos.com.br\/index.php\/wp-json\/wp\/v2\/pages\/29\/revisions\/998"}],"wp:attachment":[{"href":"https:\/\/www.entreeventos.com.br\/index.php\/wp-json\/wp\/v2\/media?parent=29"}],"curies":[{"name":"wp","href":"https:\/\/api.w.org\/{rel}","templated":true}]}}