{"id":33,"date":"2016-10-27T17:07:05","date_gmt":"2016-10-27T20:07:05","guid":{"rendered":"http:\/\/192.185.176.172\/~entre840\/?page_id=33"},"modified":"2016-11-26T17:09:11","modified_gmt":"2016-11-26T20:09:11","slug":"servicos","status":"publish","type":"page","link":"https:\/\/www.entreeventos.com.br\/index.php\/servicos\/","title":{"rendered":"Servi\u00e7os"},"content":{"rendered":"<div id=\"dslc-content\" class=\"dslc-content dslc-clearfix\"><div id=\"dslc-main\">\r\n\t\t<div  class=\"dslc-modules-section \" style=\"padding-bottom:50px;padding-top:50px;background-color:rgb(34,57,76);\" data-section-id=\"f8a7055ed65\">\r\n\t\t\t\t\r\n\t\t\t\t\r\n\t\t\t\t<div class=\"dslc-modules-section-wrapper dslc-clearfix\"><div class=\"dslc-modules-area dslc-col dslc-12-col dslc-last-col dslc-valign- \" data-size=\"12\" data-valign=\"\">\r\n\t\t<div id=\"dslc-module-1363\" class=\"dslc-module-front dslc-module-DSLC_Info_Box dslc-in-viewport-check dslc-in-viewport-anim-none  dslc-col dslc-12-col dslc-last-col  dslc-module-handle-like-regular \" data-module-id=\"1363\" data-module=\"DSLC_Info_Box\" data-dslc-module-size=\"12\" data-dslc-anim=\"none\" data-dslc-anim-delay=\"\" data-dslc-anim-duration=\"650\"  data-dslc-anim-easing=\"ease\" data-dslc-preset=\"none\" >\r\n\r\n\t\t\t\r\n\t\t\t\r\n\t\t\r\n\t\t\t<div class=\"dslc-info-box dslc-info-box-icon-pos-aside dslc-info-box-image-pos-above\">\r\n\r\n\t\t\t\t<div class=\"dslc-info-box-wrapper\">\r\n\r\n\t\t\t\t\t\r\n\t\t\t\t\t<div class=\"dslc-info-box-main-wrap dslc-clearfix\">\r\n\r\n\t\t\t\t\t\t\t\t\t\t\t\t\t<div class=\"dslc-info-box-image\">\r\n\t\t\t\t\t\t\t\t<div class=\"dslc-info-box-image-inner\">\r\n\t\t\t\t\t\t\t\t\t\t\t\t\t\t\t\t\t\t\t<span class=\"dslc-icon dslc-icon-check\"><\/span>\r\n\t\t\t\t\t\t\t\t\t\t\t\t\t\t\t\t\t\t\t\t\t\t\t\t\t\t<\/div><!-- .dslc-info-box-image-inner -->\r\n\t\t\t\t\t\t\t<\/div><!-- .dslc-info-box-image -->\r\n\t\t\t\t\t\t\r\n\t\t\t\t\t\t\r\n\t\t\t\t\t\t<div class=\"dslc-info-box-main\">\r\n\r\n\t\t\t\t\t\t\t\t\t\t\t\t\t\t\t<div class=\"dslc-info-box-title\">\r\n\t\t\t\t\t\t\t\t\t\t\t\t\t\t\t\t\t\t\t\t\t\t\t\t\t\t\t\t\t\t<h4 >Servi\u00e7os<\/h4>\r\n\t\t\t\t\t\t\t\t\t\t\t\t\t\t\t\t\t\t\t\t\t\t\t\t\t\t\t<\/div><!-- .dslc-info-box-title -->\r\n\t\t\t\t\t\t\t\r\n\t\t\t\t\t\t\t\t\t\t\t\t\t\t\t<div class=\"dslc-info-box-content\">\r\n\t\t\t\t\t\t\t\t\t\t\t\t\t\t\t\t\t\t\t<p>Ch\u00e1cara para Eventos no Caminho do Vinho em S\u00e3o Jos\u00e9 dos Pinhais<\/p><p>Buffet<\/p><p>Decora\u00e7\u00e3o para Casamento e 15 anos<\/p><p>DJ Som e Luzes para Festa<\/p><p>Pista de Led<\/p><p>Plataforma 360\u00ba<\/p><p>Bartender<\/p><p>Cerimonialista (Cerimonial - Organiza\u00e7\u00e3o do Evento)<\/p><p>Celebrante de Casamentos<\/p>\t\t\t\t\t\t\t\t\t\t\t\t\t\t\t\t\t<\/div><!-- .dslc-info-box-content -->\r\n\t\t\t\t\t\t\t\r\n\t\t\t\t\t\t\t\r\n\t\t\t\t\t\t<\/div><!-- .dslc-info-box-main -->\r\n\r\n\t\t\t\t\t<\/div><!-- .dslc-info-box-main-wrap -->\r\n\r\n\t\t\t\t<\/div><!-- .dslc-info-box-wrapper -->\r\n\r\n\t\t\t<\/div><!-- .dslc-info-box -->\r\n\r\n\t\t\r\n\t\t\t\t<\/div><!-- .dslc-module -->\r\n\t\t<\/div><\/div><\/div>\r\n\t\t<div  class=\"dslc-modules-section \" style=\"padding-bottom:0px;padding-top:0px;background-color:rgb(250,250,250);\" data-section-id=\"5nd9ces0198\">\r\n\t\t\t\t\r\n\t\t\t\t\r\n\t\t\t\t<div class=\"dslc-modules-section-wrapper dslc-clearfix\"><div class=\"dslc-modules-area dslc-col dslc-12-col dslc-last-col dslc-valign- \" data-size=\"12\" data-valign=\"\">\r\n\t\t<div id=\"dslc-module-il76sacfq5o\" class=\"dslc-module-front dslc-module-DSLC_Text_Simple dslc-in-viewport-check dslc-in-viewport-anim-none  dslc-col dslc-12-col dslc-last-col  dslc-module-handle-like-regular \" data-module-id=\"il76sacfq5o\" data-module=\"DSLC_Text_Simple\" data-dslc-module-size=\"12\" data-dslc-anim=\"none\" data-dslc-anim-delay=\"0\" data-dslc-anim-duration=\"650\"  data-dslc-anim-easing=\"ease\" data-dslc-preset=\"none\" >\r\n\r\n\t\t\t\r\n\t\t\t\r\n\t\t\r\n\t\t<div class=\"dslc-text-module-content\">\r\n\t\t\t<p style=\"text-align: center;\" data-mce-style=\"text-align: center;\">Copyright \u00a9 Entre Eventos. Todos os direitos reservados.<\/p>\t\t<\/div>\r\n\r\n\t\t\r\n\t\t\t\t<\/div><!-- .dslc-module -->\r\n\t\t<\/div><\/div><\/div><\/div><\/div>","protected":false},"excerpt":{"rendered":"<p>Servi\u00e7os Ch\u00e1cara para Eventos no Caminho do Vinho em S\u00e3o Jos\u00e9 dos PinhaisBuffetDecora\u00e7\u00e3o para Casamento e 15 anosDJ Som e Luzes para FestaPista de LedPlataforma 360\u00baBartenderCerimonialista (Cerimonial &#8211; Organiza\u00e7\u00e3o do&nbsp;[&hellip;]<\/p>\n","protected":false},"author":1,"featured_media":0,"parent":0,"menu_order":0,"comment_status":"closed","ping_status":"closed","template":"page-templates\/page_builder.php","meta":[],"yoast_head":"<!-- This site is optimized with the Yoast SEO plugin v19.8 - https:\/\/yoast.com\/wordpress\/plugins\/seo\/ -->\n<title>Servi\u00e7os - Ch\u00e1cara Entre Eventos<\/title>\n<meta name=\"robots\" content=\"index, follow, max-snippet:-1, max-image-preview:large, max-video-preview:-1\" \/>\n<link rel=\"canonical\" href=\"https:\/\/www.entreeventos.com.br\/index.php\/servicos\/\" \/>\n<meta property=\"og:locale\" content=\"pt_BR\" \/>\n<meta property=\"og:type\" content=\"article\" \/>\n<meta property=\"og:title\" content=\"Servi\u00e7os - Ch\u00e1cara Entre Eventos\" \/>\n<meta property=\"og:description\" content=\"Servi\u00e7os Ch\u00e1cara para Eventos no Caminho do Vinho em S\u00e3o Jos\u00e9 dos PinhaisBuffetDecora\u00e7\u00e3o para Casamento e 15 anosDJ Som e Luzes para FestaPista de LedPlataforma 360\u00baBartenderCerimonialista (Cerimonial - Organiza\u00e7\u00e3o do&nbsp;[&hellip;]\" \/>\n<meta property=\"og:url\" content=\"https:\/\/www.entreeventos.com.br\/index.php\/servicos\/\" \/>\n<meta property=\"og:site_name\" content=\"Ch\u00e1cara Entre Eventos\" \/>\n<meta property=\"article:publisher\" content=\"https:\/\/www.facebook.com\/EntreEventos\/\" \/>\n<meta property=\"article:modified_time\" content=\"2016-11-26T20:09:11+00:00\" \/>\n<meta name=\"twitter:card\" content=\"summary_large_image\" \/>\n<script type=\"application\/ld+json\" class=\"yoast-schema-graph\">{\"@context\":\"https:\/\/schema.org\",\"@graph\":[{\"@type\":\"WebPage\",\"@id\":\"https:\/\/www.entreeventos.com.br\/index.php\/servicos\/\",\"url\":\"https:\/\/www.entreeventos.com.br\/index.php\/servicos\/\",\"name\":\"Servi\u00e7os - Ch\u00e1cara Entre Eventos\",\"isPartOf\":{\"@id\":\"https:\/\/www.entreeventos.com.br\/#website\"},\"datePublished\":\"2016-10-27T20:07:05+00:00\",\"dateModified\":\"2016-11-26T20:09:11+00:00\",\"breadcrumb\":{\"@id\":\"https:\/\/www.entreeventos.com.br\/index.php\/servicos\/#breadcrumb\"},\"inLanguage\":\"pt-BR\",\"potentialAction\":[{\"@type\":\"ReadAction\",\"target\":[\"https:\/\/www.entreeventos.com.br\/index.php\/servicos\/\"]}]},{\"@type\":\"BreadcrumbList\",\"@id\":\"https:\/\/www.entreeventos.com.br\/index.php\/servicos\/#breadcrumb\",\"itemListElement\":[{\"@type\":\"ListItem\",\"position\":1,\"name\":\"In\u00edcio\",\"item\":\"https:\/\/www.entreeventos.com.br\/\"},{\"@type\":\"ListItem\",\"position\":2,\"name\":\"Servi\u00e7os\"}]},{\"@type\":\"WebSite\",\"@id\":\"https:\/\/www.entreeventos.com.br\/#website\",\"url\":\"https:\/\/www.entreeventos.com.br\/\",\"name\":\"Ch\u00e1cara Entre Eventos\",\"description\":\"Ch\u00e1cara, Buffet, Decora\u00e7\u00e3o, DJ, Som, Luzes, Cerimonialista e Celebrante para festas de Casamento, 15 anos, Formatura, Anivers\u00e1rio, Eventos Empresariais, etc.\",\"publisher\":{\"@id\":\"https:\/\/www.entreeventos.com.br\/#organization\"},\"potentialAction\":[{\"@type\":\"SearchAction\",\"target\":{\"@type\":\"EntryPoint\",\"urlTemplate\":\"https:\/\/www.entreeventos.com.br\/?s={search_term_string}\"},\"query-input\":\"required name=search_term_string\"}],\"inLanguage\":\"pt-BR\"},{\"@type\":\"Organization\",\"@id\":\"https:\/\/www.entreeventos.com.br\/#organization\",\"name\":\"Entre Eventos\",\"url\":\"https:\/\/www.entreeventos.com.br\/\",\"sameAs\":[\"https:\/\/www.youtube.com\/user\/EntreSomELuzes\",\"https:\/\/www.facebook.com\/EntreEventos\/\"],\"logo\":{\"@type\":\"ImageObject\",\"inLanguage\":\"pt-BR\",\"@id\":\"https:\/\/www.entreeventos.com.br\/#\/schema\/logo\/image\/\",\"url\":\"https:\/\/www.entreeventos.com.br\/wp-content\/uploads\/2022\/10\/cropped-logo-fundo-branco-original.png\",\"contentUrl\":\"https:\/\/www.entreeventos.com.br\/wp-content\/uploads\/2022\/10\/cropped-logo-fundo-branco-original.png\",\"width\":400,\"height\":161,\"caption\":\"Entre Eventos\"},\"image\":{\"@id\":\"https:\/\/www.entreeventos.com.br\/#\/schema\/logo\/image\/\"}}]}<\/script>\n<!-- \/ Yoast SEO plugin. -->","yoast_head_json":{"title":"Servi\u00e7os - Ch\u00e1cara Entre Eventos","robots":{"index":"index","follow":"follow","max-snippet":"max-snippet:-1","max-image-preview":"max-image-preview:large","max-video-preview":"max-video-preview:-1"},"canonical":"https:\/\/www.entreeventos.com.br\/index.php\/servicos\/","og_locale":"pt_BR","og_type":"article","og_title":"Servi\u00e7os - Ch\u00e1cara Entre Eventos","og_description":"Servi\u00e7os Ch\u00e1cara para Eventos no Caminho do Vinho em S\u00e3o Jos\u00e9 dos PinhaisBuffetDecora\u00e7\u00e3o para Casamento e 15 anosDJ Som e Luzes para FestaPista de LedPlataforma 360\u00baBartenderCerimonialista (Cerimonial - Organiza\u00e7\u00e3o do&nbsp;[&hellip;]","og_url":"https:\/\/www.entreeventos.com.br\/index.php\/servicos\/","og_site_name":"Ch\u00e1cara Entre Eventos","article_publisher":"https:\/\/www.facebook.com\/EntreEventos\/","article_modified_time":"2016-11-26T20:09:11+00:00","twitter_card":"summary_large_image","schema":{"@context":"https:\/\/schema.org","@graph":[{"@type":"WebPage","@id":"https:\/\/www.entreeventos.com.br\/index.php\/servicos\/","url":"https:\/\/www.entreeventos.com.br\/index.php\/servicos\/","name":"Servi\u00e7os - Ch\u00e1cara Entre Eventos","isPartOf":{"@id":"https:\/\/www.entreeventos.com.br\/#website"},"datePublished":"2016-10-27T20:07:05+00:00","dateModified":"2016-11-26T20:09:11+00:00","breadcrumb":{"@id":"https:\/\/www.entreeventos.com.br\/index.php\/servicos\/#breadcrumb"},"inLanguage":"pt-BR","potentialAction":[{"@type":"ReadAction","target":["https:\/\/www.entreeventos.com.br\/index.php\/servicos\/"]}]},{"@type":"BreadcrumbList","@id":"https:\/\/www.entreeventos.com.br\/index.php\/servicos\/#breadcrumb","itemListElement":[{"@type":"ListItem","position":1,"name":"In\u00edcio","item":"https:\/\/www.entreeventos.com.br\/"},{"@type":"ListItem","position":2,"name":"Servi\u00e7os"}]},{"@type":"WebSite","@id":"https:\/\/www.entreeventos.com.br\/#website","url":"https:\/\/www.entreeventos.com.br\/","name":"Ch\u00e1cara Entre Eventos","description":"Ch\u00e1cara, Buffet, Decora\u00e7\u00e3o, DJ, Som, Luzes, Cerimonialista e Celebrante para festas de Casamento, 15 anos, Formatura, Anivers\u00e1rio, Eventos Empresariais, etc.","publisher":{"@id":"https:\/\/www.entreeventos.com.br\/#organization"},"potentialAction":[{"@type":"SearchAction","target":{"@type":"EntryPoint","urlTemplate":"https:\/\/www.entreeventos.com.br\/?s={search_term_string}"},"query-input":"required name=search_term_string"}],"inLanguage":"pt-BR"},{"@type":"Organization","@id":"https:\/\/www.entreeventos.com.br\/#organization","name":"Entre Eventos","url":"https:\/\/www.entreeventos.com.br\/","sameAs":["https:\/\/www.youtube.com\/user\/EntreSomELuzes","https:\/\/www.facebook.com\/EntreEventos\/"],"logo":{"@type":"ImageObject","inLanguage":"pt-BR","@id":"https:\/\/www.entreeventos.com.br\/#\/schema\/logo\/image\/","url":"https:\/\/www.entreeventos.com.br\/wp-content\/uploads\/2022\/10\/cropped-logo-fundo-branco-original.png","contentUrl":"https:\/\/www.entreeventos.com.br\/wp-content\/uploads\/2022\/10\/cropped-logo-fundo-branco-original.png","width":400,"height":161,"caption":"Entre Eventos"},"image":{"@id":"https:\/\/www.entreeventos.com.br\/#\/schema\/logo\/image\/"}}]}},"_links":{"self":[{"href":"https:\/\/www.entreeventos.com.br\/index.php\/wp-json\/wp\/v2\/pages\/33"}],"collection":[{"href":"https:\/\/www.entreeventos.com.br\/index.php\/wp-json\/wp\/v2\/pages"}],"about":[{"href":"https:\/\/www.entreeventos.com.br\/index.php\/wp-json\/wp\/v2\/types\/page"}],"author":[{"embeddable":true,"href":"https:\/\/www.entreeventos.com.br\/index.php\/wp-json\/wp\/v2\/users\/1"}],"replies":[{"embeddable":true,"href":"https:\/\/www.entreeventos.com.br\/index.php\/wp-json\/wp\/v2\/comments?post=33"}],"version-history":[{"count":2,"href":"https:\/\/www.entreeventos.com.br\/index.php\/wp-json\/wp\/v2\/pages\/33\/revisions"}],"predecessor-version":[{"id":140,"href":"https:\/\/www.entreeventos.com.br\/index.php\/wp-json\/wp\/v2\/pages\/33\/revisions\/140"}],"wp:attachment":[{"href":"https:\/\/www.entreeventos.com.br\/index.php\/wp-json\/wp\/v2\/media?parent=33"}],"curies":[{"name":"wp","href":"https:\/\/api.w.org\/{rel}","templated":true}]}}