{"id":564,"date":"2017-01-17T19:23:51","date_gmt":"2017-01-17T22:23:51","guid":{"rendered":"http:\/\/www.entreeventos.com.br\/?page_id=564"},"modified":"2017-01-17T19:29:01","modified_gmt":"2017-01-17T22:29:01","slug":"pos-venda","status":"publish","type":"page","link":"https:\/\/www.entreeventos.com.br\/index.php\/pos-venda\/","title":{"rendered":"#P\u00f3s Venda"},"content":{"rendered":"","protected":true},"excerpt":{"rendered":"","protected":true},"author":1,"featured_media":0,"parent":0,"menu_order":0,"comment_status":"closed","ping_status":"closed","template":"page-templates\/page_builder.php","meta":[],"yoast_head":"<!-- This site is optimized with the Yoast SEO plugin v19.8 - https:\/\/yoast.com\/wordpress\/plugins\/seo\/ -->\n<title>#P\u00f3s Venda - Ch\u00e1cara Entre Eventos<\/title>\n<meta name=\"robots\" content=\"index, follow, max-snippet:-1, max-image-preview:large, max-video-preview:-1\" \/>\n<link rel=\"canonical\" href=\"https:\/\/www.entreeventos.com.br\/index.php\/pos-venda\/\" \/>\n<meta property=\"og:locale\" content=\"pt_BR\" \/>\n<meta property=\"og:type\" content=\"article\" \/>\n<meta property=\"og:title\" content=\"#P\u00f3s Venda - Ch\u00e1cara Entre Eventos\" \/>\n<meta property=\"og:description\" content=\"N\u00e3o h\u00e1 resumo por ser um post protegido.\" \/>\n<meta property=\"og:url\" content=\"https:\/\/www.entreeventos.com.br\/index.php\/pos-venda\/\" \/>\n<meta property=\"og:site_name\" content=\"Ch\u00e1cara Entre Eventos\" \/>\n<meta property=\"article:publisher\" content=\"https:\/\/www.facebook.com\/EntreEventos\/\" \/>\n<meta property=\"article:modified_time\" content=\"2017-01-17T22:29:01+00:00\" \/>\n<meta name=\"twitter:card\" content=\"summary_large_image\" \/>\n<script type=\"application\/ld+json\" class=\"yoast-schema-graph\">{\"@context\":\"https:\/\/schema.org\",\"@graph\":[{\"@type\":\"WebPage\",\"@id\":\"https:\/\/www.entreeventos.com.br\/index.php\/pos-venda\/\",\"url\":\"https:\/\/www.entreeventos.com.br\/index.php\/pos-venda\/\",\"name\":\"#P\u00f3s Venda - Ch\u00e1cara Entre Eventos\",\"isPartOf\":{\"@id\":\"https:\/\/www.entreeventos.com.br\/#website\"},\"datePublished\":\"2017-01-17T22:23:51+00:00\",\"dateModified\":\"2017-01-17T22:29:01+00:00\",\"breadcrumb\":{\"@id\":\"https:\/\/www.entreeventos.com.br\/index.php\/pos-venda\/#breadcrumb\"},\"inLanguage\":\"pt-BR\"},{\"@type\":\"WebSite\",\"@id\":\"https:\/\/www.entreeventos.com.br\/#website\",\"url\":\"https:\/\/www.entreeventos.com.br\/\",\"name\":\"Ch\u00e1cara Entre Eventos\",\"description\":\"Ch\u00e1cara, Buffet, Decora\u00e7\u00e3o, DJ, Som, Luzes, Cerimonialista e Celebrante para festas de Casamento, 15 anos, Formatura, Anivers\u00e1rio, Eventos Empresariais, etc.\",\"publisher\":{\"@id\":\"https:\/\/www.entreeventos.com.br\/#organization\"},\"potentialAction\":[{\"@type\":\"SearchAction\",\"target\":{\"@type\":\"EntryPoint\",\"urlTemplate\":\"https:\/\/www.entreeventos.com.br\/?s={search_term_string}\"},\"query-input\":\"required name=search_term_string\"}],\"inLanguage\":\"pt-BR\"},{\"@type\":\"Organization\",\"@id\":\"https:\/\/www.entreeventos.com.br\/#organization\",\"name\":\"Entre Eventos\",\"url\":\"https:\/\/www.entreeventos.com.br\/\",\"sameAs\":[\"https:\/\/www.youtube.com\/user\/EntreSomELuzes\",\"https:\/\/www.facebook.com\/EntreEventos\/\"],\"logo\":{\"@type\":\"ImageObject\",\"inLanguage\":\"pt-BR\",\"@id\":\"https:\/\/www.entreeventos.com.br\/#\/schema\/logo\/image\/\",\"url\":\"https:\/\/www.entreeventos.com.br\/wp-content\/uploads\/2022\/10\/cropped-logo-fundo-branco-original.png\",\"contentUrl\":\"https:\/\/www.entreeventos.com.br\/wp-content\/uploads\/2022\/10\/cropped-logo-fundo-branco-original.png\",\"width\":400,\"height\":161,\"caption\":\"Entre Eventos\"},\"image\":{\"@id\":\"https:\/\/www.entreeventos.com.br\/#\/schema\/logo\/image\/\"}}]}<\/script>\n<!-- \/ Yoast SEO plugin. -->","yoast_head_json":{"title":"#P\u00f3s Venda - Ch\u00e1cara Entre Eventos","robots":{"index":"index","follow":"follow","max-snippet":"max-snippet:-1","max-image-preview":"max-image-preview:large","max-video-preview":"max-video-preview:-1"},"canonical":"https:\/\/www.entreeventos.com.br\/index.php\/pos-venda\/","og_locale":"pt_BR","og_type":"article","og_title":"#P\u00f3s Venda - Ch\u00e1cara Entre Eventos","og_description":"N\u00e3o h\u00e1 resumo por ser um post protegido.","og_url":"https:\/\/www.entreeventos.com.br\/index.php\/pos-venda\/","og_site_name":"Ch\u00e1cara Entre Eventos","article_publisher":"https:\/\/www.facebook.com\/EntreEventos\/","article_modified_time":"2017-01-17T22:29:01+00:00","twitter_card":"summary_large_image","schema":{"@context":"https:\/\/schema.org","@graph":[{"@type":"WebPage","@id":"https:\/\/www.entreeventos.com.br\/index.php\/pos-venda\/","url":"https:\/\/www.entreeventos.com.br\/index.php\/pos-venda\/","name":"#P\u00f3s Venda - Ch\u00e1cara Entre Eventos","isPartOf":{"@id":"https:\/\/www.entreeventos.com.br\/#website"},"datePublished":"2017-01-17T22:23:51+00:00","dateModified":"2017-01-17T22:29:01+00:00","breadcrumb":{"@id":"https:\/\/www.entreeventos.com.br\/index.php\/pos-venda\/#breadcrumb"},"inLanguage":"pt-BR"},{"@type":"WebSite","@id":"https:\/\/www.entreeventos.com.br\/#website","url":"https:\/\/www.entreeventos.com.br\/","name":"Ch\u00e1cara Entre Eventos","description":"Ch\u00e1cara, Buffet, Decora\u00e7\u00e3o, DJ, Som, Luzes, Cerimonialista e Celebrante para festas de Casamento, 15 anos, Formatura, Anivers\u00e1rio, Eventos Empresariais, etc.","publisher":{"@id":"https:\/\/www.entreeventos.com.br\/#organization"},"potentialAction":[{"@type":"SearchAction","target":{"@type":"EntryPoint","urlTemplate":"https:\/\/www.entreeventos.com.br\/?s={search_term_string}"},"query-input":"required name=search_term_string"}],"inLanguage":"pt-BR"},{"@type":"Organization","@id":"https:\/\/www.entreeventos.com.br\/#organization","name":"Entre Eventos","url":"https:\/\/www.entreeventos.com.br\/","sameAs":["https:\/\/www.youtube.com\/user\/EntreSomELuzes","https:\/\/www.facebook.com\/EntreEventos\/"],"logo":{"@type":"ImageObject","inLanguage":"pt-BR","@id":"https:\/\/www.entreeventos.com.br\/#\/schema\/logo\/image\/","url":"https:\/\/www.entreeventos.com.br\/wp-content\/uploads\/2022\/10\/cropped-logo-fundo-branco-original.png","contentUrl":"https:\/\/www.entreeventos.com.br\/wp-content\/uploads\/2022\/10\/cropped-logo-fundo-branco-original.png","width":400,"height":161,"caption":"Entre Eventos"},"image":{"@id":"https:\/\/www.entreeventos.com.br\/#\/schema\/logo\/image\/"}}]}},"_links":{"self":[{"href":"https:\/\/www.entreeventos.com.br\/index.php\/wp-json\/wp\/v2\/pages\/564"}],"collection":[{"href":"https:\/\/www.entreeventos.com.br\/index.php\/wp-json\/wp\/v2\/pages"}],"about":[{"href":"https:\/\/www.entreeventos.com.br\/index.php\/wp-json\/wp\/v2\/types\/page"}],"author":[{"embeddable":true,"href":"https:\/\/www.entreeventos.com.br\/index.php\/wp-json\/wp\/v2\/users\/1"}],"replies":[{"embeddable":true,"href":"https:\/\/www.entreeventos.com.br\/index.php\/wp-json\/wp\/v2\/comments?post=564"}],"version-history":[{"count":3,"href":"https:\/\/www.entreeventos.com.br\/index.php\/wp-json\/wp\/v2\/pages\/564\/revisions"}],"predecessor-version":[{"id":568,"href":"https:\/\/www.entreeventos.com.br\/index.php\/wp-json\/wp\/v2\/pages\/564\/revisions\/568"}],"wp:attachment":[{"href":"https:\/\/www.entreeventos.com.br\/index.php\/wp-json\/wp\/v2\/media?parent=564"}],"curies":[{"name":"wp","href":"https:\/\/api.w.org\/{rel}","templated":true}]}}